{"id":1066,"date":"2020-06-29T11:30:21","date_gmt":"2020-06-29T16:30:21","guid":{"rendered":"https:\/\/hiperderecho.org\/tecnoresistencias\/?page_id=1066"},"modified":"2020-10-29T09:23:49","modified_gmt":"2020-10-29T14:23:49","slug":"identifica","status":"publish","type":"page","link":"https:\/\/hiperderecho.org\/tecnoresistencias\/identifica\/","title":{"rendered":"Identifica"},"content":{"rendered":"<h2><strong><span style=\"color: #000000;\">\u00bfQu\u00e9 es la violencia de g\u00e9nero en l\u00ednea?\u00bfCu\u00e1l es la diferencia entre acoso, acoso sexual o chantaje sexual?<\/span> <span style=\"color: #cc99ff;\">Reconocer a la violencia<\/span> <span style=\"color: #000000;\">es el primer paso para cuidarnos.<\/span><\/strong><\/h2>\n<h2><strong><span style=\"color: #cc99ff;\">Recuerda: No es tu culpa y no est\u00e1s sola.<\/span><\/strong><\/h2>\n<p><img loading=\"lazy\" decoding=\"async\" class=\"aligncenter wp-image-681 size-large\" src=\"https:\/\/hiperderecho.org\/tecnoresistencias\/wp-content\/uploads\/2019\/01\/luchando9-1-1024x606.png\" alt=\"\" width=\"960\" height=\"568\" srcset=\"https:\/\/hiperderecho.org\/tecnoresistencias\/wp-content\/uploads\/2019\/01\/luchando9-1-1024x606.png 1024w, https:\/\/hiperderecho.org\/tecnoresistencias\/wp-content\/uploads\/2019\/01\/luchando9-1-300x178.png 300w, https:\/\/hiperderecho.org\/tecnoresistencias\/wp-content\/uploads\/2019\/01\/luchando9-1-768x455.png 768w, https:\/\/hiperderecho.org\/tecnoresistencias\/wp-content\/uploads\/2019\/01\/luchando9-1.png 1994w\" sizes=\"auto, (max-width: 960px) 100vw, 960px\" \/><\/p>\n","protected":false},"excerpt":{"rendered":"<p>\u00bfQu\u00e9 es la violencia de g\u00e9nero en l\u00ednea?\u00bfCu\u00e1l es la diferencia entre acoso, acoso sexual o chantaje sexual? Reconocer a la violencia es el primer paso para cuidarnos. Recuerda: No es tu culpa y no est\u00e1s sola.<\/p>\n","protected":false},"author":11,"featured_media":0,"parent":0,"menu_order":0,"comment_status":"closed","ping_status":"closed","template":"identifica.php","meta":{"footnotes":""},"class_list":["post-1066","page","type-page","status-publish","hentry"],"_links":{"self":[{"href":"https:\/\/hiperderecho.org\/tecnoresistencias\/wp-json\/wp\/v2\/pages\/1066","targetHints":{"allow":["GET"]}}],"collection":[{"href":"https:\/\/hiperderecho.org\/tecnoresistencias\/wp-json\/wp\/v2\/pages"}],"about":[{"href":"https:\/\/hiperderecho.org\/tecnoresistencias\/wp-json\/wp\/v2\/types\/page"}],"author":[{"embeddable":true,"href":"https:\/\/hiperderecho.org\/tecnoresistencias\/wp-json\/wp\/v2\/users\/11"}],"replies":[{"embeddable":true,"href":"https:\/\/hiperderecho.org\/tecnoresistencias\/wp-json\/wp\/v2\/comments?post=1066"}],"version-history":[{"count":65,"href":"https:\/\/hiperderecho.org\/tecnoresistencias\/wp-json\/wp\/v2\/pages\/1066\/revisions"}],"predecessor-version":[{"id":2062,"href":"https:\/\/hiperderecho.org\/tecnoresistencias\/wp-json\/wp\/v2\/pages\/1066\/revisions\/2062"}],"wp:attachment":[{"href":"https:\/\/hiperderecho.org\/tecnoresistencias\/wp-json\/wp\/v2\/media?parent=1066"}],"curies":[{"name":"wp","href":"https:\/\/api.w.org\/{rel}","templated":true}]}}