{"id":1116,"date":"2020-07-01T03:12:40","date_gmt":"2020-07-01T08:12:40","guid":{"rendered":"https:\/\/hiperderecho.org\/tecnoresistencias\/?page_id=1116"},"modified":"2020-11-10T14:12:14","modified_gmt":"2020-11-10T19:12:14","slug":"denuncia","status":"publish","type":"page","link":"https:\/\/hiperderecho.org\/tecnoresistencias\/denuncia\/","title":{"rendered":"Denuncia"},"content":{"rendered":"<h2><span style=\"font-weight: 400; color: #2e2f7a;\"><strong>La violencia de g\u00e9nero en internet es un <span style=\"text-decoration: underline;\">delito<\/span>. Aqu\u00ed te brindamos informaci\u00f3n para que puedas denunciar tu caso y ejercer tus derechos.<\/strong><\/span><\/h2>\n<p><img loading=\"lazy\" decoding=\"async\" class=\"alignnone wp-image-173 size-large\" src=\"https:\/\/hiperderecho.org\/tecnoresistencias\/wp-content\/uploads\/2019\/01\/Imagen-4-1024x744.png\" alt=\"\" width=\"960\" height=\"698\" srcset=\"https:\/\/hiperderecho.org\/tecnoresistencias\/wp-content\/uploads\/2019\/01\/Imagen-4-1024x744.png 1024w, https:\/\/hiperderecho.org\/tecnoresistencias\/wp-content\/uploads\/2019\/01\/Imagen-4-300x218.png 300w, https:\/\/hiperderecho.org\/tecnoresistencias\/wp-content\/uploads\/2019\/01\/Imagen-4-768x558.png 768w, https:\/\/hiperderecho.org\/tecnoresistencias\/wp-content\/uploads\/2019\/01\/Imagen-4.png 1578w\" sizes=\"auto, (max-width: 960px) 100vw, 960px\" \/><\/p>\n","protected":false},"excerpt":{"rendered":"<p>La violencia de g\u00e9nero en internet es un delito. Aqu\u00ed te brindamos informaci\u00f3n para que puedas denunciar tu caso y ejercer tus derechos.<\/p>\n","protected":false},"author":11,"featured_media":0,"parent":0,"menu_order":0,"comment_status":"closed","ping_status":"closed","template":"denuncia.php","meta":{"footnotes":""},"class_list":["post-1116","page","type-page","status-publish","hentry"],"_links":{"self":[{"href":"https:\/\/hiperderecho.org\/tecnoresistencias\/wp-json\/wp\/v2\/pages\/1116","targetHints":{"allow":["GET"]}}],"collection":[{"href":"https:\/\/hiperderecho.org\/tecnoresistencias\/wp-json\/wp\/v2\/pages"}],"about":[{"href":"https:\/\/hiperderecho.org\/tecnoresistencias\/wp-json\/wp\/v2\/types\/page"}],"author":[{"embeddable":true,"href":"https:\/\/hiperderecho.org\/tecnoresistencias\/wp-json\/wp\/v2\/users\/11"}],"replies":[{"embeddable":true,"href":"https:\/\/hiperderecho.org\/tecnoresistencias\/wp-json\/wp\/v2\/comments?post=1116"}],"version-history":[{"count":12,"href":"https:\/\/hiperderecho.org\/tecnoresistencias\/wp-json\/wp\/v2\/pages\/1116\/revisions"}],"predecessor-version":[{"id":2237,"href":"https:\/\/hiperderecho.org\/tecnoresistencias\/wp-json\/wp\/v2\/pages\/1116\/revisions\/2237"}],"wp:attachment":[{"href":"https:\/\/hiperderecho.org\/tecnoresistencias\/wp-json\/wp\/v2\/media?parent=1116"}],"curies":[{"name":"wp","href":"https:\/\/api.w.org\/{rel}","templated":true}]}}