{"id":1384,"date":"2020-08-08T22:49:41","date_gmt":"2020-08-09T03:49:41","guid":{"rendered":"https:\/\/hiperderecho.org\/tecnoresistencias\/?page_id=1384"},"modified":"2025-02-14T15:34:36","modified_gmt":"2025-02-14T20:34:36","slug":"recursos","status":"publish","type":"page","link":"https:\/\/hiperderecho.org\/tecnoresistencias\/recursos\/","title":{"rendered":"Recursos"},"content":{"rendered":"<section id=\"builder-section-gallery_108\" class=\"builder-section-first builder-section builder-section-gallery builder-section-next-gallery builder-gallery-columns-3 builder-gallery-captions-reveal builder-gallery-captions-light builder-gallery-aspect-square\" style=\"background-size: cover; background-repeat: no-repeat;background-position: center center;\">\n<h3 class=\"builder-gallery-section-title\">\n        Investigaciones sobre g\u00e9nero y tecnolog\u00eda    <\/h3>\n<div class=\"builder-section-content\">\n<div class=\"builder-gallery-item  has-link\">\n\t\t\t\t\t\t\t<a href=\"https:\/\/hiperderecho.org\/tecnoresistencias\/wp-content\/uploads\/2024\/11\/TECNORESISTENCIASv2.pdf\">\t\t\t\t\t\t\t\t\t\t\t\t\t<\/p>\n<figure class=\"builder-gallery-image\" style=\"background-image: url(&#039;https:\/\/hiperderecho.org\/tecnoresistencias\/wp-content\/uploads\/2024\/11\/Mosaicos-Tecno_RE-VGL-U-1024x1024.png&#039;);\"><\/figure>\n<div class=\"builder-gallery-content\">\n<div class=\"builder-gallery-content-inner\">\n<div class=\"builder-gallery-description\">\n<p><big><strong>Violencia de g\u00e9nero en redes sociales hacia estudiantes<br \/>\nuniversitarias<\/strong><\/big><\/p>\n<\/p><\/div>\n<\/p><\/div>\n<\/p><\/div>\n<p>\t\t\t\t\t\t\t\t\t\t<\/a>\n\t\t\t\t\t<\/div>\n<div class=\"builder-gallery-item  has-link\">\n\t\t\t\t\t\t\t<a href=\"https:\/\/hiperderecho.org\/tecnoresistencias\/wp-content\/uploads\/2020\/08\/Informe-CEDAW-esp.pdf\">\t\t\t\t\t\t\t\t\t\t\t\t\t<\/p>\n<figure class=\"builder-gallery-image\" style=\"background-image: url(&#039;https:\/\/hiperderecho.org\/tecnoresistencias\/wp-content\/uploads\/2020\/08\/Gui\u0301as-Mosaicos-Tecno-CEDAW-01.jpg&#039;);\"><\/figure>\n<div class=\"builder-gallery-content\">\n<div class=\"builder-gallery-content-inner\">\n<div class=\"builder-gallery-description\">\n<p><strong><big>Informe al CEDAW para la evaluaci\u00f3n de la Rep\u00fablica del Per\u00fa (Hiperderecho, 2020)<\/big><\/strong><\/p>\n<\/p><\/div>\n<\/p><\/div>\n<\/p><\/div>\n<p>\t\t\t\t\t\t\t\t\t\t<\/a>\n\t\t\t\t\t<\/div>\n<div class=\"builder-gallery-item  has-link last-3\">\n\t\t\t\t\t\t\t<a href=\"https:\/\/hiperderecho.org\/tecnoresistencias\/wp-content\/uploads\/2020\/08\/brecha_genero_digital_peru_2019.pdf\">\t\t\t\t\t\t\t\t\t\t\t\t\t<\/p>\n<figure class=\"builder-gallery-image\" style=\"background-image: url(&#039;https:\/\/hiperderecho.org\/tecnoresistencias\/wp-content\/uploads\/2020\/08\/Gui\u0301as-Mosaicos-Tecno-Brecha-01-1.jpg&#039;);\"><\/figure>\n<div class=\"builder-gallery-content\">\n<div class=\"builder-gallery-content-inner\">\n<div class=\"builder-gallery-description\">\n<p><strong><big>Brecha digital de g\u00e9nero en el Per\u00fa (Hiperderecho y Web Foundation, 2019)<\/big><br \/><\/strong><\/p>\n<\/p><\/div>\n<\/p><\/div>\n<\/p><\/div>\n<p>\t\t\t\t\t\t\t\t\t\t<\/a>\n\t\t\t\t\t<\/div>\n<div class=\"builder-gallery-item  has-link\">\n\t\t\t\t\t\t\t<a href=\"https:\/\/hiperderecho.org\/tecnoresistencias\/wp-content\/uploads\/2020\/08\/violencia_genero_linea_peru_20181.pdf\">\t\t\t\t\t\t\t\t\t\t\t\t\t<\/p>\n<figure class=\"builder-gallery-image\" style=\"background-image: url(&#039;https:\/\/hiperderecho.org\/tecnoresistencias\/wp-content\/uploads\/2020\/10\/Gui\u0301as-Mosaicos-Tecno-conocer-para-resistir-01-1024x1024.png&#039;);\"><\/figure>\n<div class=\"builder-gallery-content\">\n<div class=\"builder-gallery-content-inner\">\n<div class=\"builder-gallery-description\">\n<p><strong><big>Violencia de g\u00e9nero en l\u00ednea en el Per\u00fa (Hiperderecho, 2018)<\/big><\/strong><\/p>\n<\/p><\/div>\n<\/p><\/div>\n<\/p><\/div>\n<p>\t\t\t\t\t\t\t\t\t\t<\/a>\n\t\t\t\t\t<\/div>\n<div class=\"builder-gallery-item  has-link\">\n\t\t\t\t\t\t\t<a href=\"https:\/\/acoso.online\/wp-content\/uploads\/2020\/08\/pp-politpubfem-3.pdf\" target=\"_blank\" rel=\"noopener noreferrer\">\t\t\t\t\t\t\t\t\t\t\t\t\t<\/p>\n<figure class=\"builder-gallery-image\" style=\"background-image: url(&#039;https:\/\/hiperderecho.org\/tecnoresistencias\/wp-content\/uploads\/2020\/11\/Mosaicos-ma\u0301s-alla\u0301-01.png&#039;);\"><\/figure>\n<div class=\"builder-gallery-content\">\n<div class=\"builder-gallery-content-inner\">\n<div class=\"builder-gallery-description\">\n<p><strong><big>Pol\u00edticas p\u00fablicas feministas sobre la difusi\u00f3n de im\u00e1genes \u00edntimas sin consentimiento (Hiperderecho y Acoso.Online, 2020)<\/big><\/strong><\/p>\n<\/p><\/div>\n<\/p><\/div>\n<\/p><\/div>\n<p>\t\t\t\t\t\t\t\t\t\t<\/a>\n\t\t\t\t\t<\/div>\n<div class=\"builder-gallery-item  has-link last-3\">\n\t\t\t\t\t\t\t<a href=\"https:\/\/acoso.online\/wp-content\/uploads\/2020\/09\/Como-funciona-Internet.pdf\" target=\"_blank\" rel=\"noopener noreferrer\">\t\t\t\t\t\t\t\t\t\t\t\t\t<\/p>\n<figure class=\"builder-gallery-image\" style=\"background-image: url(&#039;https:\/\/hiperderecho.org\/tecnoresistencias\/wp-content\/uploads\/2020\/11\/Mosaicos-como-funciona-internet-01.png&#039;);\"><\/figure>\n<div class=\"builder-gallery-content\">\n<div class=\"builder-gallery-content-inner\">\n<div class=\"builder-gallery-description\">\n<p><strong><big>C\u00f3mo funciona internet (Acoso.Online, 2020)<\/big><\/strong><\/p>\n<\/p><\/div>\n<\/p><\/div>\n<\/p><\/div>\n<p>\t\t\t\t\t\t\t\t\t\t<\/a>\n\t\t\t\t\t<\/div>\n<div class=\"builder-gallery-item  has-link\">\n\t\t\t\t\t\t\t<a href=\"https:\/\/acoso.online\/wp-content\/uploads\/2020\/10\/aprox-fem.pdf\" target=\"_blank\" rel=\"noopener noreferrer\">\t\t\t\t\t\t\t\t\t\t\t\t\t<\/p>\n<figure class=\"builder-gallery-image\" style=\"background-image: url(&#039;https:\/\/hiperderecho.org\/tecnoresistencias\/wp-content\/uploads\/2020\/11\/Mosaicos-como-difusio\u0301n-01.png&#039;);\"><\/figure>\n<div class=\"builder-gallery-content\">\n<div class=\"builder-gallery-content-inner\">\n<div class=\"builder-gallery-description\">\n<p><strong><big>Una aproximaci\u00f3n feminista a las leyes de difusi\u00f3n de im\u00e1genes \u00edntimas sin consentimiento (Acoso.Online, 2020)<\/big><\/strong><\/p>\n<\/p><\/div>\n<\/p><\/div>\n<\/p><\/div>\n<p>\t\t\t\t\t\t\t\t\t\t<\/a>\n\t\t\t\t\t<\/div>\n<div class=\"builder-gallery-item  has-link\">\n\t\t\t\t\t\t\t<a href=\"https:\/\/hiperderecho.org\/tecnoresistencias\/wp-content\/uploads\/2020\/08\/MUJERES-QUE-RESISTEN-V26_11.pdf\">\t\t\t\t\t\t\t\t\t\t\t\t\t<\/p>\n<figure class=\"builder-gallery-image\" style=\"background-image: url(&#039;https:\/\/hiperderecho.org\/tecnoresistencias\/wp-content\/uploads\/2020\/08\/Gui\u0301as-Mosaicos-Tecno-Mujeres-que-resisten-01.jpg&#039;);\"><\/figure>\n<div class=\"builder-gallery-content\">\n<div class=\"builder-gallery-content-inner\">\n<div class=\"builder-gallery-description\">\n<p><strong><big>Observaciones sobre acceso a la justicia para sobrevivientes de VGL (Hiperderecho y Lab C\u00edvico, 2019)<\/big><br \/><\/strong><\/p>\n<\/p><\/div>\n<\/p><\/div>\n<\/p><\/div>\n<p>\t\t\t\t\t\t\t\t\t\t<\/a>\n\t\t\t\t\t<\/div>\n<\/p><\/div>\n<\/section>\n<section id=\"builder-section-gallery_54\" class=\"builder-section-prev-gallery builder-section builder-section-gallery builder-section-next-gallery builder-gallery-columns-3 builder-gallery-captions-reveal builder-gallery-captions-light builder-gallery-aspect-square\" style=\"background-size: cover; background-repeat: no-repeat;background-position: center center;\">\n<h3 class=\"builder-gallery-section-title\">\n        Gu\u00edas para identificar y denunciar violencia en l\u00ednea    <\/h3>\n<div class=\"builder-section-content\">\n<div class=\"builder-gallery-item  has-link\">\n\t\t\t\t\t\t\t<a href=\"https:\/\/hiperderecho.org\/tecnoresistencias\/wp-content\/uploads\/2025\/02\/violentometro-digital-2025.pdf\">\t\t\t\t\t\t\t\t\t\t\t\t\t<\/p>\n<figure class=\"builder-gallery-image\" style=\"background-image: url(&#039;https:\/\/hiperderecho.org\/tecnoresistencias\/wp-content\/uploads\/2025\/02\/Mosaico-violentometro-digital-1024x1024.png&#039;);\"><\/figure>\n<div class=\"builder-gallery-content\">\n<div class=\"builder-gallery-content-inner\">\n<div class=\"builder-gallery-description\">\n<p><big><strong>Violent\u00f3metro Digital<\/strong><\/big><\/p>\n<\/p><\/div>\n<\/p><\/div>\n<\/p><\/div>\n<p>\t\t\t\t\t\t\t\t\t\t<\/a>\n\t\t\t\t\t<\/div>\n<div class=\"builder-gallery-item  has-link\">\n\t\t\t\t\t\t\t<a href=\"https:\/\/hiperderecho.org\/tecnoresistencias\/wp-content\/uploads\/2025\/02\/Rutas_como-denunciar-violencia-de-ge%CC%81nero-en-li%CC%81nea.pdf\">\t\t\t\t\t\t\t\t\t\t\t\t\t<\/p>\n<figure class=\"builder-gallery-image\" style=\"background-image: url(&#039;https:\/\/hiperderecho.org\/tecnoresistencias\/wp-content\/uploads\/2025\/02\/rutas-1024x1024.png&#039;);\"><\/figure>\n<div class=\"builder-gallery-content\">\n<div class=\"builder-gallery-content-inner\">\n<div class=\"builder-gallery-description\">\n<p><big><strong>C\u00f3mo denunciar violencia de g\u00e9nero en l\u00ednea<\/strong><\/big><\/p>\n<\/p><\/div>\n<\/p><\/div>\n<\/p><\/div>\n<p>\t\t\t\t\t\t\t\t\t\t<\/a>\n\t\t\t\t\t<\/div>\n<div class=\"builder-gallery-item  has-link last-3\">\n\t\t\t\t\t\t\t<a href=\"https:\/\/acoso.online\/wp-content\/uploads\/2020\/10\/pp-guia-activistas.pdf\" target=\"_blank\" rel=\"noopener noreferrer\">\t\t\t\t\t\t\t\t\t\t\t\t\t<\/p>\n<figure class=\"builder-gallery-image\" style=\"background-image: url(&#039;https:\/\/hiperderecho.org\/tecnoresistencias\/wp-content\/uploads\/2020\/11\/Mosaicos-VGL-01.png&#039;);\"><\/figure>\n<div class=\"builder-gallery-content\">\n<div class=\"builder-gallery-content-inner\">\n<div class=\"builder-gallery-description\">\n<p><big><strong>Gu\u00eda r\u00e1pida de VGL (Acoso.Online, 2020)<\/strong><\/big><\/p>\n<\/p><\/div>\n<\/p><\/div>\n<\/p><\/div>\n<p>\t\t\t\t\t\t\t\t\t\t<\/a>\n\t\t\t\t\t<\/div>\n<div class=\"builder-gallery-item  has-link\">\n\t\t\t\t\t\t\t<a href=\"https:\/\/hiperderecho.org\/tecnoresistencias\/wp-content\/uploads\/2020\/09\/VGL.pdf\">\t\t\t\t\t\t\t\t\t\t\t\t\t<\/p>\n<figure class=\"builder-gallery-image\" style=\"background-image: url(&#039;https:\/\/hiperderecho.org\/tecnoresistencias\/wp-content\/uploads\/2020\/08\/Gui\u0301as-Mosaicos-Tecno-VGL-01.jpg&#039;);\"><\/figure>\n<div class=\"builder-gallery-content\">\n<div class=\"builder-gallery-content-inner\">\n<div class=\"builder-gallery-description\">\n<p><strong><big>Violent\u00f3metro para identificar casos de violencia de g\u00e9nero en l\u00ednea en relaciones amorosas (Hiperderecho, 2020)<\/big><\/strong><\/p>\n<\/p><\/div>\n<\/p><\/div>\n<\/p><\/div>\n<p>\t\t\t\t\t\t\t\t\t\t<\/a>\n\t\t\t\t\t<\/div>\n<div class=\"builder-gallery-item  has-link\">\n\t\t\t\t\t\t\t<a href=\"https:\/\/hiperderecho.org\/tecnoresistencias\/wp-content\/uploads\/2020\/08\/guia_acoso_virtual_peru3.pdf\">\t\t\t\t\t\t\t\t\t\t\t\t\t<\/p>\n<figure class=\"builder-gallery-image\" style=\"background-image: url(&#039;https:\/\/hiperderecho.org\/tecnoresistencias\/wp-content\/uploads\/2020\/08\/Gui\u0301as-Mosaicos-Tecno-2-1024x1024.jpg&#039;);\"><\/figure>\n<div class=\"builder-gallery-content\">\n<div class=\"builder-gallery-content-inner\">\n<div class=\"builder-gallery-description\">\n<p><big><strong>Gu\u00eda urgente para denunciar casos de acoso y acoso sexual en Per\u00fa (Hiperderecho, 2019)<\/strong><\/big><\/p>\n<\/p><\/div>\n<\/p><\/div>\n<\/p><\/div>\n<p>\t\t\t\t\t\t\t\t\t\t<\/a>\n\t\t\t\t\t<\/div>\n<div class=\"builder-gallery-item  has-link last-3\">\n\t\t\t\t\t\t\t<a href=\"https:\/\/hiperderecho.org\/tecnoresistencias\/guia_pornografia_no_consentida_peru1\/\">\t\t\t\t\t\t\t\t\t\t\t\t\t<\/p>\n<figure class=\"builder-gallery-image\" style=\"background-image: url(&#039;https:\/\/hiperderecho.org\/tecnoresistencias\/wp-content\/uploads\/2020\/08\/Gui\u0301as-Mosaicos-Tecno-1-1024x1024.jpg&#039;);\"><\/figure>\n<div class=\"builder-gallery-content\">\n<div class=\"builder-gallery-content-inner\">\n<div class=\"builder-gallery-description\">\n<p><big><strong>Gu\u00eda urgente para denunciar difusi\u00f3n de im\u00e1genes \u00edntimas sin consentimiento en Per\u00fa (Hiperderecho, 2019)<\/strong><\/big><\/p>\n<\/p><\/div>\n<\/p><\/div>\n<\/p><\/div>\n<p>\t\t\t\t\t\t\t\t\t\t<\/a>\n\t\t\t\t\t<\/div>\n<\/p><\/div>\n<\/section>\n<section id=\"builder-section-gallery_178\" class=\"builder-section-prev-gallery builder-section builder-section-gallery builder-section-next-gallery builder-gallery-columns-3 builder-gallery-captions-reveal builder-gallery-captions-light builder-gallery-aspect-square\" style=\"background-size: cover; background-repeat: no-repeat;background-position: center center;\">\n<h3 class=\"builder-gallery-section-title\">\n        Gu\u00edas de seguridad digital    <\/h3>\n<div class=\"builder-section-content\">\n<div class=\"builder-gallery-item  has-link\">\n\t\t\t\t\t\t\t<a href=\"https:\/\/hiperderecho.org\/tecnoresistencias\/wp-content\/uploads\/2020\/08\/COVID.pdf\">\t\t\t\t\t\t\t\t\t\t\t\t\t<\/p>\n<figure class=\"builder-gallery-image\" style=\"background-image: url(&#039;https:\/\/hiperderecho.org\/tecnoresistencias\/wp-content\/uploads\/2020\/08\/Gui\u0301as-Mosaicos-Tecno-COVID-01-1.jpg&#039;);\"><\/figure>\n<div class=\"builder-gallery-content\">\n<div class=\"builder-gallery-content-inner\">\n<div class=\"builder-gallery-description\">\n<p><big><strong>Gu\u00eda para cuidar tu informaci\u00f3n durante la pandemia (Hiperderecho, 2020)<\/strong><\/big><\/p>\n<\/p><\/div>\n<\/p><\/div>\n<\/p><\/div>\n<p>\t\t\t\t\t\t\t\t\t\t<\/a>\n\t\t\t\t\t<\/div>\n<div class=\"builder-gallery-item  has-link\">\n\t\t\t\t\t\t\t<a href=\"https:\/\/hiperderecho.org\/tecnoresistencias\/wp-content\/uploads\/2020\/08\/Protesta.pdf\">\t\t\t\t\t\t\t\t\t\t\t\t\t<\/p>\n<figure class=\"builder-gallery-image\" style=\"background-image: url(&#039;https:\/\/hiperderecho.org\/tecnoresistencias\/wp-content\/uploads\/2020\/08\/Gui\u0301as-Mosaicos-Tecno-protesta-01-1.jpg&#039;);\"><\/figure>\n<div class=\"builder-gallery-content\">\n<div class=\"builder-gallery-content-inner\">\n<div class=\"builder-gallery-description\">\n<p><big><strong>Gu\u00eda para proteger tu informaci\u00f3n al ejercer tu derecho a la protesta (Hiperderecho, 2020)<\/strong><\/big><\/p>\n<\/p><\/div>\n<\/p><\/div>\n<\/p><\/div>\n<p>\t\t\t\t\t\t\t\t\t\t<\/a>\n\t\t\t\t\t<\/div>\n<div class=\"builder-gallery-item  has-link last-3\">\n\t\t\t\t\t\t\t<a href=\"https:\/\/hiperderecho.org\/tecnoresistencias\/wp-content\/uploads\/2020\/10\/GuiaAborto.pdf\">\t\t\t\t\t\t\t\t\t\t\t\t\t<\/p>\n<figure class=\"builder-gallery-image\" style=\"background-image: url(&#039;https:\/\/hiperderecho.org\/tecnoresistencias\/wp-content\/uploads\/2020\/08\/Gui\u0301as-Mosaicos-Tecno-Aborto-01-1.jpg&#039;);\"><\/figure>\n<div class=\"builder-gallery-content\">\n<div class=\"builder-gallery-content-inner\">\n<div class=\"builder-gallery-description\">\n<p><big><strong>Gu\u00eda para cuidar tu informaci\u00f3n cuando ejerces el derecho a decidir (Hiperderecho, 2020)<\/strong><\/big><\/p>\n<\/p><\/div>\n<\/p><\/div>\n<\/p><\/div>\n<p>\t\t\t\t\t\t\t\t\t\t<\/a>\n\t\t\t\t\t<\/div>\n<div class=\"builder-gallery-item  has-link\">\n\t\t\t\t\t\t\t<a href=\"https:\/\/hiperderecho.org\/tecnoresistencias\/wp-content\/uploads\/2020\/11\/Kit-de-cibercuidado-para-activistas-.pdf\" target=\"_blank\" rel=\"noopener noreferrer\">\t\t\t\t\t\t\t\t\t\t\t\t\t<\/p>\n<figure class=\"builder-gallery-image\" style=\"background-image: url(&#039;https:\/\/hiperderecho.org\/tecnoresistencias\/wp-content\/uploads\/2020\/10\/Mosaicos-Kit-01-1.png&#039;);\"><\/figure>\n<div class=\"builder-gallery-content\">\n<div class=\"builder-gallery-content-inner\">\n<div class=\"builder-gallery-description\">\n<p><strong><big>Gu\u00eda de seguridad digital con enfoque de g\u00e9nero para activistas (Hiperderecho, 2020)<\/big><\/strong><\/p>\n<\/p><\/div>\n<\/p><\/div>\n<\/p><\/div>\n<p>\t\t\t\t\t\t\t\t\t\t<\/a>\n\t\t\t\t\t<\/div>\n<div class=\"builder-gallery-item  has-link\">\n\t\t\t\t\t\t\t<a href=\"https:\/\/hiperderecho.org\/wp-content\/uploads\/2021\/03\/talleres_ciberfeministas.pdf\" target=\"_blank\" rel=\"noopener noreferrer\">\t\t\t\t\t\t\t\t\t\t\t\t\t<\/p>\n<figure class=\"builder-gallery-image\" style=\"background-image: url(&#039;https:\/\/hiperderecho.org\/tecnoresistencias\/wp-content\/uploads\/2021\/03\/Mosaicos-gui\u0301a-autoformacio\u0301n-01.png&#039;);\"><\/figure>\n<p>\t\t\t\t\t\t\t\t\t\t<\/a>\n\t\t\t\t\t<\/div>\n<\/p><\/div>\n<\/section>\n<section id=\"builder-section-gallery_590\" class=\"builder-section-prev-gallery builder-section builder-section-gallery builder-section-last builder-gallery-columns-3 builder-gallery-captions-reveal builder-gallery-captions-light builder-gallery-aspect-square\" style=\"background-size: cover; background-repeat: no-repeat;background-position: center center;\">\n<h3 class=\"builder-gallery-section-title\">\n        Tambi\u00e9n te recomendamos&#8230;    <\/h3>\n<div class=\"builder-section-content\">\n<div class=\"builder-gallery-item  has-link\">\n\t\t\t\t\t\t\t<a href=\"https:\/\/hiperderecho.org\/tecnoresistencias\/wp-content\/uploads\/2020\/10\/herramienta_isd_web.pdf\" target=\"_blank\" rel=\"noopener noreferrer\">\t\t\t\t\t\t\t\t\t\t\t\t\t<\/p>\n<figure class=\"builder-gallery-image\" style=\"background-image: url(&#039;https:\/\/hiperderecho.org\/tecnoresistencias\/wp-content\/uploads\/2020\/10\/Screen-Shot-2020-10-23-at-1.02.06-PM.png&#039;);\"><\/figure>\n<p>\t\t\t\t\t\t\t\t\t\t<\/a>\n\t\t\t\t\t<\/div>\n<div class=\"builder-gallery-item  has-link\">\n\t\t\t\t\t\t\t<a href=\"https:\/\/gendersec.tacticaltech.org\/wiki\/index.php\/Complete_manual\/es\" target=\"_blank\" rel=\"noopener noreferrer\">\t\t\t\t\t\t\t\t\t\t\t\t\t<\/p>\n<figure class=\"builder-gallery-image\" style=\"background-image: url(&#039;https:\/\/hiperderecho.org\/tecnoresistencias\/wp-content\/uploads\/2020\/08\/Mosaicos-zen-01.png&#039;);\"><\/figure>\n<p>\t\t\t\t\t\t\t\t\t\t<\/a>\n\t\t\t\t\t<\/div>\n<div class=\"builder-gallery-item  has-link last-3\">\n\t\t\t\t\t\t\t<a href=\"https:\/\/hiperderecho.org\/tecnoresistencias\/wp-content\/uploads\/2020\/08\/Gui\u0301a-Ciberseguridad-1.pdf\" target=\"_blank\" rel=\"noopener noreferrer\">\t\t\t\t\t\t\t\t\t\t\t\t\t<\/p>\n<figure class=\"builder-gallery-image\" style=\"background-image: url(&#039;https:\/\/hiperderecho.org\/tecnoresistencias\/wp-content\/uploads\/2020\/08\/Mosaicos-ciberseguridad-LGTBIQ-01.png&#039;);\"><\/figure>\n<p>\t\t\t\t\t\t\t\t\t\t<\/a>\n\t\t\t\t\t<\/div>\n<div class=\"builder-gallery-item  has-link\">\n\t\t\t\t\t\t\t<a href=\"http:\/\/acoso.online\/wp-content\/uploads\/2018\/12\/Guia-Practica-Establecimientos-Educacionales_AcosoOnline_2018.pdf\" target=\"_blank\" rel=\"noopener noreferrer\">\t\t\t\t\t\t\t\t\t\t\t\t\t<\/p>\n<figure class=\"builder-gallery-image\" style=\"background-image: url(&#039;https:\/\/hiperderecho.org\/tecnoresistencias\/wp-content\/uploads\/2020\/11\/Mosaicos-gui\u0301a-01.png&#039;);\"><\/figure>\n<p>\t\t\t\t\t\t\t\t\t\t<\/a>\n\t\t\t\t\t<\/div>\n<div class=\"builder-gallery-item  has-link\">\n\t\t\t\t\t\t\t<a href=\"https:\/\/acoso.online\/wp-content\/uploads\/2020\/10\/pp-periodistas.pdf\" target=\"_blank\" rel=\"noopener noreferrer\">\t\t\t\t\t\t\t\t\t\t\t\t\t<\/p>\n<figure class=\"builder-gallery-image\" style=\"background-image: url(&#039;https:\/\/hiperderecho.org\/tecnoresistencias\/wp-content\/uploads\/2020\/11\/Mosaicos-cobertura-01.png&#039;);\"><\/figure>\n<p>\t\t\t\t\t\t\t\t\t\t<\/a>\n\t\t\t\t\t<\/div>\n<\/p><\/div>\n<\/section>\n","protected":false},"excerpt":{"rendered":"<p>Investigaciones sobre g\u00e9nero y tecnolog\u00eda Violencia de g\u00e9nero en redes sociales hacia estudiantes universitarias Informe al CEDAW para la evaluaci\u00f3n de la Rep\u00fablica del Per\u00fa (Hiperderecho, 2020) Brecha digital de g\u00e9nero en el Per\u00fa (Hiperderecho y Web Foundation, 2019) Violencia de g\u00e9nero en l\u00ednea en el Per\u00fa (Hiperderecho, 2018) Pol\u00edticas p\u00fablicas feministas sobre la difusi\u00f3n &hellip;<\/p>\n","protected":false},"author":11,"featured_media":0,"parent":0,"menu_order":0,"comment_status":"closed","ping_status":"closed","template":"template-builder.php","meta":{"footnotes":""},"class_list":["post-1384","page","type-page","status-publish","hentry"],"_links":{"self":[{"href":"https:\/\/hiperderecho.org\/tecnoresistencias\/wp-json\/wp\/v2\/pages\/1384","targetHints":{"allow":["GET"]}}],"collection":[{"href":"https:\/\/hiperderecho.org\/tecnoresistencias\/wp-json\/wp\/v2\/pages"}],"about":[{"href":"https:\/\/hiperderecho.org\/tecnoresistencias\/wp-json\/wp\/v2\/types\/page"}],"author":[{"embeddable":true,"href":"https:\/\/hiperderecho.org\/tecnoresistencias\/wp-json\/wp\/v2\/users\/11"}],"replies":[{"embeddable":true,"href":"https:\/\/hiperderecho.org\/tecnoresistencias\/wp-json\/wp\/v2\/comments?post=1384"}],"version-history":[{"count":76,"href":"https:\/\/hiperderecho.org\/tecnoresistencias\/wp-json\/wp\/v2\/pages\/1384\/revisions"}],"predecessor-version":[{"id":2514,"href":"https:\/\/hiperderecho.org\/tecnoresistencias\/wp-json\/wp\/v2\/pages\/1384\/revisions\/2514"}],"wp:attachment":[{"href":"https:\/\/hiperderecho.org\/tecnoresistencias\/wp-json\/wp\/v2\/media?parent=1384"}],"curies":[{"name":"wp","href":"https:\/\/api.w.org\/{rel}","templated":true}]}}