{"id":333,"date":"2019-01-11T18:17:13","date_gmt":"2019-01-11T23:17:13","guid":{"rendered":"https:\/\/hiperderecho.org\/tecnoresistencias\/?page_id=333"},"modified":"2020-06-10T20:10:46","modified_gmt":"2020-06-11T01:10:46","slug":"reporte","status":"publish","type":"page","link":"https:\/\/hiperderecho.org\/tecnoresistencias\/reporte\/","title":{"rendered":"Informe"},"content":{"rendered":"<section id=\"builder-section-text_11\" class=\"builder-section-first builder-section builder-section-text builder-section-next-gallery builder-text-columns-1\" style=\"background-size: cover; background-repeat: no-repeat;background-position: center center;\">\n<div class=\"builder-section-content\">\n<div class=\"builder-text-row\">\n<div class=\"builder-text-column builder-text-column-1\" id=\"builder-section-text_11-column-1\">\n<div class=\"builder-text-content\">\n<h1 id=\"conocer-para-resistir-violencia-de-g\u00e9nero-en-l\u00ednea-en-per\u00fa\" style=\"text-align: center;\"><span style=\"color: #de0000;\"><big><strong>Conocer para Resistir:<\/strong><\/big><\/span><\/h1>\n<h2 style=\"text-align: center;\"><strong>Violencia de g\u00e9nero en l\u00ednea en Per\u00fa<\/strong><\/h2>\n<hr \/>\n<p>\u00a0<\/p>\n<\/p><\/div>\n<\/p><\/div>\n<\/p><\/div>\n<div class=\"builder-text-row\">\n<div class=\"builder-text-column builder-text-column-2\" id=\"builder-section-text_11-column-1\">\n<div class=\"builder-text-content\">\n<p>\u00bfTe gustar\u00eda conocer m\u00e1s sobre la violencia de g\u00e9nero en l\u00ednea? Te invitamos a leer nuestra investigaci\u00f3n m\u00e1s reciente sobre c\u00f3mo se vive esta forma de violencia en el pa\u00eds. Podr\u00e1s explorar las distintas secciones del informe en las que detallamos <a href=\"https:\/\/hiperderecho.org\/tecnoresistencias\/informe\/violencia\/\">c\u00f3mo se manifiesta la violencia de g\u00e9nero en internet,<\/a> <a href=\"https:\/\/hiperderecho.org\/tecnoresistencias\/informe\/victimas\/\">qui\u00e9nes son las personas m\u00e1s afectadas<\/a>, <a href=\"https:\/\/hiperderecho.org\/tecnoresistencias\/informe\/consecuencias\/\">cu\u00e1les son las consecuencias<\/a> y <a href=\"https:\/\/hiperderecho.org\/tecnoresistencias\/informe\/resistencia\/\">qu\u00e9 estamos haciendo para defendernos<\/a>.\u00a0<\/p>\n<p>Tambi\u00e9n puedes descargar el <a href=\"https:\/\/hiperderecho.org\/tecnoresistencias\/wp-content\/uploads\/2019\/01\/violencia_genero_linea_peru_2018.pdf\">informe completo<\/a> y el <a href=\"https:\/\/hiperderecho.org\/tecnoresistencias\/wp-content\/uploads\/2019\/01\/resumen_violencia_en_linea_peru.pdf\">resumen ejecutivo<\/a> de la investigaci\u00f3n.<\/p>\n<p><em>(Dale clic a cualquier cuadrado del mosaico para ver un cap\u00edtulo del informe.)<\/em><\/p>\n<\/p><\/div>\n<\/p><\/div>\n<\/p><\/div>\n<\/p><\/div>\n<\/section>\n<section id=\"builder-section-gallery_63\" class=\"builder-section-prev-text builder-section builder-section-gallery builder-section-next-text builder-gallery-columns-4 builder-gallery-captions-reveal builder-gallery-captions-light builder-gallery-aspect-square\" style=\"background-size: cover; background-repeat: no-repeat;background-position: center center;\">\n<div class=\"builder-section-content\">\n<div class=\"builder-gallery-item  has-link\">\n\t\t\t\t\t\t\t<a href=\"https:\/\/hiperderecho.org\/tecnoresistencias\/informe\/prologo\/\" target=\"_blank\" rel=\"noopener noreferrer\">\t\t\t\t\t\t\t\t\t\t\t\t\t<\/p>\n<figure class=\"builder-gallery-image\" style=\"background-image: url(&#039;https:\/\/hiperderecho.org\/tecnoresistencias\/wp-content\/uploads\/2019\/03\/Tecnoresistencias_final_01.jpg&#039;);\"><\/figure>\n<div class=\"builder-gallery-content\">\n<div class=\"builder-gallery-content-inner\">\n<h4 class=\"builder-gallery-title\">\n\t\t\t\t\t\tPR\u00d3LOGO\t\t\t\t\t<\/h4>\n<div class=\"builder-gallery-description\">\n<p>Un mensaje de las autoras\u00a0<\/p>\n<\/p><\/div>\n<\/p><\/div>\n<\/p><\/div>\n<p>\t\t\t\t\t\t\t\t\t\t<\/a>\n\t\t\t\t\t<\/div>\n<div class=\"builder-gallery-item  has-link\">\n\t\t\t\t\t\t\t<a href=\"https:\/\/hiperderecho.org\/tecnoresistencias\/informe\/introduccion\/\" target=\"_blank\" rel=\"noopener noreferrer\">\t\t\t\t\t\t\t\t\t\t\t\t\t<\/p>\n<figure class=\"builder-gallery-image\" style=\"background-image: url(&#039;https:\/\/hiperderecho.org\/tecnoresistencias\/wp-content\/uploads\/2019\/03\/Tecnoresistencias_final_02.jpg&#039;);\"><\/figure>\n<div class=\"builder-gallery-content\">\n<div class=\"builder-gallery-content-inner\">\n<h4 class=\"builder-gallery-title\">\n\t\t\t\t\t\tINTRODUCCI\u00d3N\t\t\t\t\t<\/h4>\n<div class=\"builder-gallery-description\">\n<p>\u00bfQu\u00e9 es la violencia de g\u00e9nero en l\u00ednea?<\/p>\n<\/p><\/div>\n<\/p><\/div>\n<\/p><\/div>\n<p>\t\t\t\t\t\t\t\t\t\t<\/a>\n\t\t\t\t\t<\/div>\n<div class=\"builder-gallery-item  has-link\">\n\t\t\t\t\t\t\t<a href=\"https:\/\/hiperderecho.org\/tecnoresistencias\/informe\/metodologia\/\" target=\"_blank\" rel=\"noopener noreferrer\">\t\t\t\t\t\t\t\t\t\t\t\t\t<\/p>\n<figure class=\"builder-gallery-image\" style=\"background-image: url(&#039;https:\/\/hiperderecho.org\/tecnoresistencias\/wp-content\/uploads\/2019\/03\/Tecnoresistencias_final_03.jpg&#039;);\"><\/figure>\n<div class=\"builder-gallery-content\">\n<div class=\"builder-gallery-content-inner\">\n<h4 class=\"builder-gallery-title\">\n\t\t\t\t\t\tMETODOLOG\u00cdA\t\t\t\t\t<\/h4>\n<div class=\"builder-gallery-description\">\n<p>Levantamiento de datos y an\u00e1lisis de la informaci\u00f3n<\/p>\n<\/p><\/div>\n<\/p><\/div>\n<\/p><\/div>\n<p>\t\t\t\t\t\t\t\t\t\t<\/a>\n\t\t\t\t\t<\/div>\n<div class=\"builder-gallery-item  has-link last-4\">\n\t\t\t\t\t\t\t<a href=\"https:\/\/hiperderecho.org\/tecnoresistencias\/informe\/contexto\/\" target=\"_blank\" rel=\"noopener noreferrer\">\t\t\t\t\t\t\t\t\t\t\t\t\t<\/p>\n<figure class=\"builder-gallery-image\" style=\"background-image: url(&#039;https:\/\/hiperderecho.org\/tecnoresistencias\/wp-content\/uploads\/2019\/03\/Tecnoresistencias_final_04.jpg&#039;);\"><\/figure>\n<div class=\"builder-gallery-content\">\n<div class=\"builder-gallery-content-inner\">\n<h4 class=\"builder-gallery-title\">\n\t\t\t\t\t\tCONTEXTO\t\t\t\t\t<\/h4>\n<div class=\"builder-gallery-description\">\n<p>Problemas claves de ciber-delincuencia y violencia de g\u00e9nero en el pa\u00eds<\/p>\n<\/p><\/div>\n<\/p><\/div>\n<\/p><\/div>\n<p>\t\t\t\t\t\t\t\t\t\t<\/a>\n\t\t\t\t\t<\/div>\n<div class=\"builder-gallery-item  has-link\">\n\t\t\t\t\t\t\t<a href=\"https:\/\/hiperderecho.org\/tecnoresistencias\/informe\/victimas\/\" target=\"_blank\" rel=\"noopener noreferrer\">\t\t\t\t\t\t\t\t\t\t\t\t\t<\/p>\n<figure class=\"builder-gallery-image\" style=\"background-image: url(&#039;https:\/\/hiperderecho.org\/tecnoresistencias\/wp-content\/uploads\/2019\/03\/Tecnoresistencias_final_05.jpg&#039;);\"><\/figure>\n<div class=\"builder-gallery-content\">\n<div class=\"builder-gallery-content-inner\">\n<h4 class=\"builder-gallery-title\">\n\t\t\t\t\t\tHALLAZGOS\t\t\t\t\t<\/h4>\n<div class=\"builder-gallery-description\">\n<p>\u00bfQui\u00e9nes son las personas m\u00e1s afectadas por la violencia de g\u00e9nero en l\u00ednea?<\/p>\n<\/p><\/div>\n<\/p><\/div>\n<\/p><\/div>\n<p>\t\t\t\t\t\t\t\t\t\t<\/a>\n\t\t\t\t\t<\/div>\n<div class=\"builder-gallery-item  has-link\">\n\t\t\t\t\t\t\t<a href=\"https:\/\/hiperderecho.org\/tecnoresistencias\/informe\/agresores\/\" target=\"_blank\" rel=\"noopener noreferrer\">\t\t\t\t\t\t\t\t\t\t\t\t\t<\/p>\n<figure class=\"builder-gallery-image\" style=\"background-image: url(&#039;https:\/\/hiperderecho.org\/tecnoresistencias\/wp-content\/uploads\/2019\/03\/Tecnoresistencias_final_06.jpg&#039;);\"><\/figure>\n<div class=\"builder-gallery-content\">\n<div class=\"builder-gallery-content-inner\">\n<h4 class=\"builder-gallery-title\">\n\t\t\t\t\t\tHALLAZGOS\t\t\t\t\t<\/h4>\n<div class=\"builder-gallery-description\">\n<p>\u00bfQui\u00e9nes son los principales agresores y discursos de odio\u00a0en internet?<\/p>\n<\/p><\/div>\n<\/p><\/div>\n<\/p><\/div>\n<p>\t\t\t\t\t\t\t\t\t\t<\/a>\n\t\t\t\t\t<\/div>\n<div class=\"builder-gallery-item  has-link\">\n\t\t\t\t\t\t\t<a href=\"https:\/\/hiperderecho.org\/tecnoresistencias\/informe\/violencia\/\" target=\"_blank\" rel=\"noopener noreferrer\">\t\t\t\t\t\t\t\t\t\t\t\t\t<\/p>\n<figure class=\"builder-gallery-image\" style=\"background-image: url(&#039;https:\/\/hiperderecho.org\/tecnoresistencias\/wp-content\/uploads\/2019\/03\/Tecnoresistencias_final_07.jpg&#039;);\"><\/figure>\n<div class=\"builder-gallery-content\">\n<div class=\"builder-gallery-content-inner\">\n<h4 class=\"builder-gallery-title\">\n\t\t\t\t\t\tHALLAZGOS\t\t\t\t\t<\/h4>\n<div class=\"builder-gallery-description\">\n<p>Diez usos de la tecnolog\u00eda para ejercer violencia de g\u00e9nero<\/p>\n<\/p><\/div>\n<\/p><\/div>\n<\/p><\/div>\n<p>\t\t\t\t\t\t\t\t\t\t<\/a>\n\t\t\t\t\t<\/div>\n<div class=\"builder-gallery-item  has-link last-4\">\n\t\t\t\t\t\t\t<a href=\"https:\/\/hiperderecho.org\/tecnoresistencias\/informe\/consecuencias\/\" target=\"_blank\" rel=\"noopener noreferrer\">\t\t\t\t\t\t\t\t\t\t\t\t\t<\/p>\n<figure class=\"builder-gallery-image\" style=\"background-image: url(&#039;https:\/\/hiperderecho.org\/tecnoresistencias\/wp-content\/uploads\/2019\/03\/Tecnoresistencias_final_08.jpg&#039;);\"><\/figure>\n<div class=\"builder-gallery-content\">\n<div class=\"builder-gallery-content-inner\">\n<h4 class=\"builder-gallery-title\">\n\t\t\t\t\t\tHALLAZGOS\t\t\t\t\t<\/h4>\n<div class=\"builder-gallery-description\">\n<p>Consecuencias de la violencia\u00a0de g\u00e9nero en l\u00ednea<\/p>\n<\/p><\/div>\n<\/p><\/div>\n<\/p><\/div>\n<p>\t\t\t\t\t\t\t\t\t\t<\/a>\n\t\t\t\t\t<\/div>\n<div class=\"builder-gallery-item  has-link\">\n\t\t\t\t\t\t\t<a href=\"https:\/\/hiperderecho.org\/tecnoresistencias\/informe\/denuncia\/\" target=\"_blank\" rel=\"noopener noreferrer\">\t\t\t\t\t\t\t\t\t\t\t\t\t<\/p>\n<figure class=\"builder-gallery-image\" style=\"background-image: url(&#039;https:\/\/hiperderecho.org\/tecnoresistencias\/wp-content\/uploads\/2019\/03\/Tecnoresistencias_final_09.jpg&#039;);\"><\/figure>\n<div class=\"builder-gallery-content\">\n<div class=\"builder-gallery-content-inner\">\n<h4 class=\"builder-gallery-title\">\n\t\t\t\t\t\tHALLAZGOS\t\t\t\t\t<\/h4>\n<div class=\"builder-gallery-description\">\n<p>\u00bfEstamos denunciando y\/o reportando la violencia en l\u00ednea?<\/p>\n<\/p><\/div>\n<\/p><\/div>\n<\/p><\/div>\n<p>\t\t\t\t\t\t\t\t\t\t<\/a>\n\t\t\t\t\t<\/div>\n<div class=\"builder-gallery-item  has-link\">\n\t\t\t\t\t\t\t<a href=\"https:\/\/hiperderecho.org\/tecnoresistencias\/informe\/resistencia\/\" target=\"_blank\" rel=\"noopener noreferrer\">\t\t\t\t\t\t\t\t\t\t\t\t\t<\/p>\n<figure class=\"builder-gallery-image\" style=\"background-image: url(&#039;https:\/\/hiperderecho.org\/tecnoresistencias\/wp-content\/uploads\/2019\/03\/Tecnoresistencias_final_10.jpg&#039;);\"><\/figure>\n<div class=\"builder-gallery-content\">\n<div class=\"builder-gallery-content-inner\">\n<h4 class=\"builder-gallery-title\">\n\t\t\t\t\t\tHALLAZGOS\t\t\t\t\t<\/h4>\n<div class=\"builder-gallery-description\">\n<p>\u00bfC\u00f3mo nos estamos defendiendo de la violencia en l\u00ednea?<\/p>\n<\/p><\/div>\n<\/p><\/div>\n<\/p><\/div>\n<p>\t\t\t\t\t\t\t\t\t\t<\/a>\n\t\t\t\t\t<\/div>\n<div class=\"builder-gallery-item  has-link\">\n\t\t\t\t\t\t\t<a href=\"https:\/\/hiperderecho.org\/tecnoresistencias\/informe\/observaciones\/\" target=\"_blank\" rel=\"noopener noreferrer\">\t\t\t\t\t\t\t\t\t\t\t\t\t<\/p>\n<figure class=\"builder-gallery-image\" style=\"background-image: url(&#039;https:\/\/hiperderecho.org\/tecnoresistencias\/wp-content\/uploads\/2019\/03\/Tecnoresistencias_final_11.jpg&#039;);\"><\/figure>\n<div class=\"builder-gallery-content\">\n<div class=\"builder-gallery-content-inner\">\n<h4 class=\"builder-gallery-title\">\n\t\t\t\t\t\tOBSERVACIONES\t\t\t\t\t<\/h4>\n<div class=\"builder-gallery-description\">\n<p>Conclusiones y siguientes pasos<\/p>\n<\/p><\/div>\n<\/p><\/div>\n<\/p><\/div>\n<p>\t\t\t\t\t\t\t\t\t\t<\/a>\n\t\t\t\t\t<\/div>\n<div class=\"builder-gallery-item  has-link last-4\">\n\t\t\t\t\t\t\t<a href=\"https:\/\/hiperderecho.org\/tecnoresistencias\/informe\/bibliografia\/\" target=\"_blank\" rel=\"noopener noreferrer\">\t\t\t\t\t\t\t\t\t\t\t\t\t<\/p>\n<figure class=\"builder-gallery-image\" style=\"background-image: url(&#039;https:\/\/hiperderecho.org\/tecnoresistencias\/wp-content\/uploads\/2019\/03\/Tecnoresistencias_final_12.jpg&#039;);\"><\/figure>\n<div class=\"builder-gallery-content\">\n<div class=\"builder-gallery-content-inner\">\n<h4 class=\"builder-gallery-title\">\n\t\t\t\t\t\tBIBLIOGRAF\u00cdA\t\t\t\t\t<\/h4>\n<div class=\"builder-gallery-description\">\n<p>\u00bfQuieres leer m\u00e1s sobre este tema?<\/p>\n<\/p><\/div>\n<\/p><\/div>\n<\/p><\/div>\n<p>\t\t\t\t\t\t\t\t\t\t<\/a>\n\t\t\t\t\t<\/div>\n<\/p><\/div>\n<\/section>\n<section id=\"builder-section-text_527\" class=\"builder-section-prev-gallery builder-section builder-section-text builder-section-last builder-text-columns-1\" style=\"background-size: cover; background-repeat: no-repeat;background-position: center center;\">\n<div class=\"builder-section-content\">\n<div class=\"builder-text-row\">\n<div class=\"builder-text-column builder-text-column-1\" id=\"builder-section-text_527-column-1\">\n<div class=\"builder-text-content\">\n<h2>Contenido<\/h2>\n<ul>\n<li><a href=\"https:\/\/hiperderecho.org\/tecnoresistencias\/informe\/prologo\/\">PR\u00d3LOGO<\/a><\/li>\n<li><a href=\"https:\/\/hiperderecho.org\/tecnoresistencias\/informe\/introduccion\/\">INTRODUCCI\u00d3N<\/a><\/li>\n<li><a href=\"https:\/\/hiperderecho.org\/tecnoresistencias\/informe\/metodologia\/\">METODOLOG\u00cdA<\/a><\/li>\n<li><a href=\"https:\/\/hiperderecho.org\/tecnoresistencias\/informe\/contexto\/\">CONTEXTO<\/a><\/li>\n<li><a href=\"#\">HALLAZGOS<\/a>\n<ul>\n<li><a href=\"https:\/\/hiperderecho.org\/tecnoresistencias\/informe\/victimas\/\">\u00bfQui\u00e9nes son las personas m\u00e1s afectadas por la violencia de g\u00e9nero en l\u00ednea?<\/a><\/li>\n<li><a href=\"https:\/\/hiperderecho.org\/tecnoresistencias\/informe\/agresores\/\">\u00bfQui\u00e9nes son los principales agresores y discursos de odio\u00a0en internet?<\/a><\/li>\n<li><a href=\"https:\/\/hiperderecho.org\/tecnoresistencias\/informe\/violencia\/\">Diez usos de la tecnolog\u00eda para ejercer violencia de g\u00e9nero<\/a><\/li>\n<li><a href=\"https:\/\/hiperderecho.org\/tecnoresistencias\/informe\/consecuencias\/\">Consecuencias de la violencia\u00a0de g\u00e9nero en l\u00ednea<\/a><\/li>\n<li><a href=\"https:\/\/hiperderecho.org\/tecnoresistencias\/informe\/denuncia\/\">\u00bfEstamos denunciando y\/o reportando la violencia en l\u00ednea?<\/a><\/li>\n<li><a href=\"https:\/\/hiperderecho.org\/tecnoresistencias\/informe\/resistencia\/\">\u00bfC\u00f3mo nos estamos defendiendo de la violencia en l\u00ednea?<\/a><\/li>\n<\/ul>\n<\/li>\n<li><a href=\"https:\/\/hiperderecho.org\/tecnoresistencias\/informe\/observaciones\/\">OBSERVACIONES<\/a><\/li>\n<li><a href=\"https:\/\/hiperderecho.org\/tecnoresistencias\/informe\/bibliografia\/\">BIBLIOGRAF\u00cdA<\/a><\/li>\n<\/ul><\/div>\n<\/p><\/div>\n<\/p><\/div>\n<\/p><\/div>\n<\/section>\n","protected":false},"excerpt":{"rendered":"<p>Conocer para Resistir: Violencia de g\u00e9nero en l\u00ednea en Per\u00fa \u00a0 \u00bfTe gustar\u00eda conocer m\u00e1s sobre la violencia de g\u00e9nero en l\u00ednea? Te invitamos a leer nuestra investigaci\u00f3n m\u00e1s reciente sobre c\u00f3mo se vive esta forma de violencia en el pa\u00eds. Podr\u00e1s explorar las distintas secciones del informe en las que detallamos c\u00f3mo se manifiesta &hellip;<\/p>\n","protected":false},"author":10,"featured_media":21,"parent":0,"menu_order":0,"comment_status":"closed","ping_status":"closed","template":"template-builder.php","meta":{"footnotes":""},"class_list":["post-333","page","type-page","status-publish","has-post-thumbnail","hentry"],"_links":{"self":[{"href":"https:\/\/hiperderecho.org\/tecnoresistencias\/wp-json\/wp\/v2\/pages\/333","targetHints":{"allow":["GET"]}}],"collection":[{"href":"https:\/\/hiperderecho.org\/tecnoresistencias\/wp-json\/wp\/v2\/pages"}],"about":[{"href":"https:\/\/hiperderecho.org\/tecnoresistencias\/wp-json\/wp\/v2\/types\/page"}],"author":[{"embeddable":true,"href":"https:\/\/hiperderecho.org\/tecnoresistencias\/wp-json\/wp\/v2\/users\/10"}],"replies":[{"embeddable":true,"href":"https:\/\/hiperderecho.org\/tecnoresistencias\/wp-json\/wp\/v2\/comments?post=333"}],"version-history":[{"count":36,"href":"https:\/\/hiperderecho.org\/tecnoresistencias\/wp-json\/wp\/v2\/pages\/333\/revisions"}],"predecessor-version":[{"id":936,"href":"https:\/\/hiperderecho.org\/tecnoresistencias\/wp-json\/wp\/v2\/pages\/333\/revisions\/936"}],"wp:featuredmedia":[{"embeddable":true,"href":"https:\/\/hiperderecho.org\/tecnoresistencias\/wp-json\/wp\/v2\/media\/21"}],"wp:attachment":[{"href":"https:\/\/hiperderecho.org\/tecnoresistencias\/wp-json\/wp\/v2\/media?parent=333"}],"curies":[{"name":"wp","href":"https:\/\/api.w.org\/{rel}","templated":true}]}}